{"id":769,"date":"2024-05-04T16:19:46","date_gmt":"2024-05-04T15:19:46","guid":{"rendered":"https:\/\/mixsaldos.com\/?post_type=product&#038;p=769"},"modified":"2024-08-04T18:31:33","modified_gmt":"2024-08-04T17:31:33","slug":"massageador-mastermax","status":"publish","type":"product","link":"https:\/\/mixsaldos.com\/index.php\/produto\/massageador-mastermax\/","title":{"rendered":"Massageador MasterMax"},"content":{"rendered":"<p>Descubra a solu\u00e7\u00e3o para suas dores musculares, tens\u00f5es, estresse e m\u00e1 circula\u00e7\u00e3o! Nosso dispositivo \u00e9 a resposta para relaxar rapidamente os m\u00fasculos tensos e aliviar a dor. Utilizando a mais recente tecnologia bio-el\u00e9trica, este \u00e9 o dispositivo de terapia domiciliar mais avan\u00e7ado do mercado atual. Projetado especificamente para proporcionar uma sensa\u00e7\u00e3o de relaxamento profundo exatamente onde voc\u00ea mais precisa, ele suaviza e acalma, rejuvenescendo tanto o corpo quanto a alma. Diga adeus \u00e0 tens\u00e3o f\u00edsica e mental insalubre. Escolha o conforto, escolha o bem-estar &#8211; escolha nosso dispositivo de terapia em casa.<\/p>\n","protected":false},"excerpt":{"rendered":"[video width=\"1280\" height=\"720\" mp4=\"https:\/\/mixsaldos.com\/wp-content\/uploads\/2024\/05\/202405041553-1.mp4\"][\/video]\n","protected":false},"featured_media":774,"comment_status":"open","ping_status":"closed","template":"","meta":{"site-sidebar-layout":"default","site-content-layout":"","ast-site-content-layout":"default","site-content-style":"default","site-sidebar-style":"default","ast-global-header-display":"","ast-banner-title-visibility":"","ast-main-header-display":"","ast-hfb-above-header-display":"","ast-hfb-below-header-display":"","ast-hfb-mobile-header-display":"","site-post-title":"","ast-breadcrumbs-content":"","ast-featured-img":"","footer-sml-layout":"","theme-transparent-header-meta":"default","adv-header-id-meta":"","stick-header-meta":"","header-above-stick-meta":"","header-main-stick-meta":"","header-below-stick-meta":"","astra-migrate-meta-layouts":"set","ast-page-background-enabled":"default","ast-page-background-meta":{"desktop":{"background-color":"var(--ast-global-color-4)","background-image":"","background-repeat":"repeat","background-position":"center center","background-size":"auto","background-attachment":"scroll","background-type":"","background-media":"","overlay-type":"","overlay-color":"","overlay-gradient":""},"tablet":{"background-color":"","background-image":"","background-repeat":"repeat","background-position":"center center","background-size":"auto","background-attachment":"scroll","background-type":"","background-media":"","overlay-type":"","overlay-color":"","overlay-gradient":""},"mobile":{"background-color":"","background-image":"","background-repeat":"repeat","background-position":"center center","background-size":"auto","background-attachment":"scroll","background-type":"","background-media":"","overlay-type":"","overlay-color":"","overlay-gradient":""}},"ast-content-background-meta":{"desktop":{"background-color":"var(--ast-global-color-5)","background-image":"","background-repeat":"repeat","background-position":"center center","background-size":"auto","background-attachment":"scroll","background-type":"","background-media":"","overlay-type":"","overlay-color":"","overlay-gradient":""},"tablet":{"background-color":"var(--ast-global-color-5)","background-image":"","background-repeat":"repeat","background-position":"center center","background-size":"auto","background-attachment":"scroll","background-type":"","background-media":"","overlay-type":"","overlay-color":"","overlay-gradient":""},"mobile":{"background-color":"var(--ast-global-color-5)","background-image":"","background-repeat":"repeat","background-position":"center center","background-size":"auto","background-attachment":"scroll","background-type":"","background-media":"","overlay-type":"","overlay-color":"","overlay-gradient":""}}},"product_brand":[],"product_cat":[15],"product_tag":[],"class_list":{"0":"post-769","1":"product","2":"type-product","3":"status-publish","4":"has-post-thumbnail","6":"product_cat-saude","7":"desktop-align-left","8":"tablet-align-left","9":"mobile-align-left","11":"first","12":"instock","13":"sale","14":"taxable","15":"shipping-taxable","16":"purchasable","17":"product-type-simple"},"jetpack_sharing_enabled":true,"_links":{"self":[{"href":"https:\/\/mixsaldos.com\/index.php\/wp-json\/wp\/v2\/product\/769"}],"collection":[{"href":"https:\/\/mixsaldos.com\/index.php\/wp-json\/wp\/v2\/product"}],"about":[{"href":"https:\/\/mixsaldos.com\/index.php\/wp-json\/wp\/v2\/types\/product"}],"replies":[{"embeddable":true,"href":"https:\/\/mixsaldos.com\/index.php\/wp-json\/wp\/v2\/comments?post=769"}],"wp:featuredmedia":[{"embeddable":true,"href":"https:\/\/mixsaldos.com\/index.php\/wp-json\/wp\/v2\/media\/774"}],"wp:attachment":[{"href":"https:\/\/mixsaldos.com\/index.php\/wp-json\/wp\/v2\/media?parent=769"}],"wp:term":[{"taxonomy":"product_brand","embeddable":true,"href":"https:\/\/mixsaldos.com\/index.php\/wp-json\/wp\/v2\/product_brand?post=769"},{"taxonomy":"product_cat","embeddable":true,"href":"https:\/\/mixsaldos.com\/index.php\/wp-json\/wp\/v2\/product_cat?post=769"},{"taxonomy":"product_tag","embeddable":true,"href":"https:\/\/mixsaldos.com\/index.php\/wp-json\/wp\/v2\/product_tag?post=769"}],"curies":[{"name":"wp","href":"https:\/\/api.w.org\/{rel}","templated":true}]}}