{"id":1147,"date":"2024-10-29T11:24:04","date_gmt":"2024-10-29T11:24:04","guid":{"rendered":"https:\/\/mixsaldos.com\/?post_type=product&#038;p=1147"},"modified":"2024-10-29T11:25:55","modified_gmt":"2024-10-29T11:25:55","slug":"vidro-temperado-para-xiaomi-redmi-14c","status":"publish","type":"product","link":"https:\/\/mixsaldos.com\/index.php\/produto\/vidro-temperado-para-xiaomi-redmi-14c\/","title":{"rendered":"Vidro Temperado para Xiaomi Redmi 14c"},"content":{"rendered":"<p><img fetchpriority=\"high\" decoding=\"async\" class=\"size-medium wp-image-1149 aligncenter\" src=\"https:\/\/mixsaldos.com\/wp-content\/uploads\/2024\/10\/main_0_-1-1-300x300.webp\" alt=\"\" width=\"300\" height=\"300\" srcset=\"https:\/\/mixsaldos.com\/wp-content\/uploads\/2024\/10\/main_0_-1-1-300x300.webp 300w, https:\/\/mixsaldos.com\/wp-content\/uploads\/2024\/10\/main_0_-1-1-150x150.webp 150w, https:\/\/mixsaldos.com\/wp-content\/uploads\/2024\/10\/main_0_-1-1-768x768.webp 768w, https:\/\/mixsaldos.com\/wp-content\/uploads\/2024\/10\/main_0_-1-1-600x600.webp 600w, https:\/\/mixsaldos.com\/wp-content\/uploads\/2024\/10\/main_0_-1-1-100x100.webp 100w, https:\/\/mixsaldos.com\/wp-content\/uploads\/2024\/10\/main_0_-1-1.webp 800w\" sizes=\"(max-width: 300px) 100vw, 300px\" \/><\/p>\n<p><img decoding=\"async\" class=\"alignnone size-medium wp-image-1150\" src=\"https:\/\/mixsaldos.com\/wp-content\/uploads\/2024\/10\/main_1_-1-1-300x300.webp\" alt=\"\" width=\"300\" height=\"300\" srcset=\"https:\/\/mixsaldos.com\/wp-content\/uploads\/2024\/10\/main_1_-1-1-300x300.webp 300w, https:\/\/mixsaldos.com\/wp-content\/uploads\/2024\/10\/main_1_-1-1-150x150.webp 150w, https:\/\/mixsaldos.com\/wp-content\/uploads\/2024\/10\/main_1_-1-1-768x768.webp 768w, https:\/\/mixsaldos.com\/wp-content\/uploads\/2024\/10\/main_1_-1-1-600x600.webp 600w, https:\/\/mixsaldos.com\/wp-content\/uploads\/2024\/10\/main_1_-1-1-100x100.webp 100w, https:\/\/mixsaldos.com\/wp-content\/uploads\/2024\/10\/main_1_-1-1.webp 800w\" sizes=\"(max-width: 300px) 100vw, 300px\" \/> <img decoding=\"async\" class=\"alignnone size-medium wp-image-1151\" src=\"https:\/\/mixsaldos.com\/wp-content\/uploads\/2024\/10\/main_2_-1-1-300x300.webp\" alt=\"\" width=\"300\" height=\"300\" srcset=\"https:\/\/mixsaldos.com\/wp-content\/uploads\/2024\/10\/main_2_-1-1-300x300.webp 300w, https:\/\/mixsaldos.com\/wp-content\/uploads\/2024\/10\/main_2_-1-1-150x150.webp 150w, https:\/\/mixsaldos.com\/wp-content\/uploads\/2024\/10\/main_2_-1-1-768x768.webp 768w, https:\/\/mixsaldos.com\/wp-content\/uploads\/2024\/10\/main_2_-1-1-600x600.webp 600w, https:\/\/mixsaldos.com\/wp-content\/uploads\/2024\/10\/main_2_-1-1-100x100.webp 100w, https:\/\/mixsaldos.com\/wp-content\/uploads\/2024\/10\/main_2_-1-1.webp 800w\" sizes=\"(max-width: 300px) 100vw, 300px\" \/> <img loading=\"lazy\" decoding=\"async\" class=\"alignnone size-medium wp-image-1152\" src=\"https:\/\/mixsaldos.com\/wp-content\/uploads\/2024\/10\/main_3_-1-1-300x300.webp\" alt=\"\" width=\"300\" height=\"300\" srcset=\"https:\/\/mixsaldos.com\/wp-content\/uploads\/2024\/10\/main_3_-1-1-300x300.webp 300w, https:\/\/mixsaldos.com\/wp-content\/uploads\/2024\/10\/main_3_-1-1-150x150.webp 150w, https:\/\/mixsaldos.com\/wp-content\/uploads\/2024\/10\/main_3_-1-1-768x768.webp 768w, https:\/\/mixsaldos.com\/wp-content\/uploads\/2024\/10\/main_3_-1-1-600x600.webp 600w, https:\/\/mixsaldos.com\/wp-content\/uploads\/2024\/10\/main_3_-1-1-100x100.webp 100w, https:\/\/mixsaldos.com\/wp-content\/uploads\/2024\/10\/main_3_-1-1.webp 800w\" sizes=\"(max-width: 300px) 100vw, 300px\" \/> <img loading=\"lazy\" decoding=\"async\" class=\"alignnone size-medium wp-image-1153\" src=\"https:\/\/mixsaldos.com\/wp-content\/uploads\/2024\/10\/main_4_-1-1-300x300.webp\" alt=\"\" width=\"300\" height=\"300\" srcset=\"https:\/\/mixsaldos.com\/wp-content\/uploads\/2024\/10\/main_4_-1-1-300x300.webp 300w, https:\/\/mixsaldos.com\/wp-content\/uploads\/2024\/10\/main_4_-1-1-150x150.webp 150w, https:\/\/mixsaldos.com\/wp-content\/uploads\/2024\/10\/main_4_-1-1-768x768.webp 768w, https:\/\/mixsaldos.com\/wp-content\/uploads\/2024\/10\/main_4_-1-1-600x600.webp 600w, https:\/\/mixsaldos.com\/wp-content\/uploads\/2024\/10\/main_4_-1-1-100x100.webp 100w, https:\/\/mixsaldos.com\/wp-content\/uploads\/2024\/10\/main_4_-1-1.webp 800w\" sizes=\"(max-width: 300px) 100vw, 300px\" \/> <img loading=\"lazy\" decoding=\"async\" class=\"alignnone size-medium wp-image-1154\" src=\"https:\/\/mixsaldos.com\/wp-content\/uploads\/2024\/10\/main_5_-1-1-300x300.webp\" alt=\"\" width=\"300\" height=\"300\" srcset=\"https:\/\/mixsaldos.com\/wp-content\/uploads\/2024\/10\/main_5_-1-1-300x300.webp 300w, https:\/\/mixsaldos.com\/wp-content\/uploads\/2024\/10\/main_5_-1-1-150x150.webp 150w, https:\/\/mixsaldos.com\/wp-content\/uploads\/2024\/10\/main_5_-1-1-768x768.webp 768w, https:\/\/mixsaldos.com\/wp-content\/uploads\/2024\/10\/main_5_-1-1-600x600.webp 600w, https:\/\/mixsaldos.com\/wp-content\/uploads\/2024\/10\/main_5_-1-1-100x100.webp 100w, https:\/\/mixsaldos.com\/wp-content\/uploads\/2024\/10\/main_5_-1-1.webp 800w\" sizes=\"(max-width: 300px) 100vw, 300px\" \/> <img loading=\"lazy\" decoding=\"async\" class=\"alignnone size-medium wp-image-1159\" src=\"https:\/\/mixsaldos.com\/wp-content\/uploads\/2024\/10\/description_4_-1-300x300.avif\" alt=\"\" width=\"300\" height=\"300\" srcset=\"https:\/\/mixsaldos.com\/wp-content\/uploads\/2024\/10\/description_4_-1-300x300.avif 300w, https:\/\/mixsaldos.com\/wp-content\/uploads\/2024\/10\/description_4_-1-150x150.avif 150w, https:\/\/mixsaldos.com\/wp-content\/uploads\/2024\/10\/description_4_-1-768x768.avif 768w, https:\/\/mixsaldos.com\/wp-content\/uploads\/2024\/10\/description_4_-1-600x600.avif 600w, https:\/\/mixsaldos.com\/wp-content\/uploads\/2024\/10\/description_4_-1-100x100.avif 100w, https:\/\/mixsaldos.com\/wp-content\/uploads\/2024\/10\/description_4_-1.avif 800w\" sizes=\"(max-width: 300px) 100vw, 300px\" \/> <img loading=\"lazy\" decoding=\"async\" class=\"alignnone size-medium wp-image-1158\" src=\"https:\/\/mixsaldos.com\/wp-content\/uploads\/2024\/10\/description_3_-1-300x300.avif\" alt=\"\" width=\"300\" height=\"300\" srcset=\"https:\/\/mixsaldos.com\/wp-content\/uploads\/2024\/10\/description_3_-1-300x300.avif 300w, https:\/\/mixsaldos.com\/wp-content\/uploads\/2024\/10\/description_3_-1-150x150.avif 150w, https:\/\/mixsaldos.com\/wp-content\/uploads\/2024\/10\/description_3_-1-768x768.avif 768w, https:\/\/mixsaldos.com\/wp-content\/uploads\/2024\/10\/description_3_-1-600x600.avif 600w, https:\/\/mixsaldos.com\/wp-content\/uploads\/2024\/10\/description_3_-1-100x100.avif 100w, https:\/\/mixsaldos.com\/wp-content\/uploads\/2024\/10\/description_3_-1.avif 800w\" sizes=\"(max-width: 300px) 100vw, 300px\" \/> <img loading=\"lazy\" decoding=\"async\" class=\"alignnone size-medium wp-image-1157\" src=\"https:\/\/mixsaldos.com\/wp-content\/uploads\/2024\/10\/description_2_-1-300x300.avif\" alt=\"\" width=\"300\" height=\"300\" srcset=\"https:\/\/mixsaldos.com\/wp-content\/uploads\/2024\/10\/description_2_-1-300x300.avif 300w, https:\/\/mixsaldos.com\/wp-content\/uploads\/2024\/10\/description_2_-1-150x150.avif 150w, https:\/\/mixsaldos.com\/wp-content\/uploads\/2024\/10\/description_2_-1-768x768.avif 768w, https:\/\/mixsaldos.com\/wp-content\/uploads\/2024\/10\/description_2_-1-600x600.avif 600w, https:\/\/mixsaldos.com\/wp-content\/uploads\/2024\/10\/description_2_-1-100x100.avif 100w, https:\/\/mixsaldos.com\/wp-content\/uploads\/2024\/10\/description_2_-1.avif 800w\" sizes=\"(max-width: 300px) 100vw, 300px\" \/> <img loading=\"lazy\" decoding=\"async\" class=\"alignnone size-medium wp-image-1156\" src=\"https:\/\/mixsaldos.com\/wp-content\/uploads\/2024\/10\/description_1_-1-300x300.avif\" alt=\"\" width=\"300\" height=\"300\" srcset=\"https:\/\/mixsaldos.com\/wp-content\/uploads\/2024\/10\/description_1_-1-300x300.avif 300w, https:\/\/mixsaldos.com\/wp-content\/uploads\/2024\/10\/description_1_-1-150x150.avif 150w, https:\/\/mixsaldos.com\/wp-content\/uploads\/2024\/10\/description_1_-1-768x768.avif 768w, https:\/\/mixsaldos.com\/wp-content\/uploads\/2024\/10\/description_1_-1-600x600.avif 600w, https:\/\/mixsaldos.com\/wp-content\/uploads\/2024\/10\/description_1_-1-100x100.avif 100w, https:\/\/mixsaldos.com\/wp-content\/uploads\/2024\/10\/description_1_-1.avif 800w\" sizes=\"(max-width: 300px) 100vw, 300px\" \/> <img loading=\"lazy\" decoding=\"async\" class=\"alignnone size-medium wp-image-1155\" src=\"https:\/\/mixsaldos.com\/wp-content\/uploads\/2024\/10\/description_0_-1-300x300.avif\" alt=\"\" width=\"300\" height=\"300\" srcset=\"https:\/\/mixsaldos.com\/wp-content\/uploads\/2024\/10\/description_0_-1-300x300.avif 300w, https:\/\/mixsaldos.com\/wp-content\/uploads\/2024\/10\/description_0_-1-150x150.avif 150w, https:\/\/mixsaldos.com\/wp-content\/uploads\/2024\/10\/description_0_-1-768x768.avif 768w, https:\/\/mixsaldos.com\/wp-content\/uploads\/2024\/10\/description_0_-1-600x600.avif 600w, https:\/\/mixsaldos.com\/wp-content\/uploads\/2024\/10\/description_0_-1-100x100.avif 100w, https:\/\/mixsaldos.com\/wp-content\/uploads\/2024\/10\/description_0_-1.avif 800w\" sizes=\"(max-width: 300px) 100vw, 300px\" \/><\/p>\n<p>&nbsp;<\/p>\n<p>Proteja seu Xiaomi Redmi 14C com o Kit Completo 8 em 1! Este conjunto inclui vidro temperado de alta qualidade com dureza 9H, oferecendo m\u00e1xima prote\u00e7\u00e3o contra arranh\u00f5es e choques, al\u00e9m de cobertura completa da tela e prote\u00e7\u00e3o extra para a c\u00e2mera. Feito para garantir ader\u00eancia perfeita e alta sensibilidade ao toque, o vidro proporciona at\u00e9 99% de taxa de transmiss\u00e3o de luz para manter a nitidez original da tela. Ideal para o modelo Xiaomi Redmi 14C 4G NFC (6,88\u2019\u2019).<\/p>\n","protected":false},"excerpt":{"rendered":"<p>Redmi 14C 4G Case 8In1 Vidro Temperado Para Xiaomi Redmi 14C 4G Protetores de Tela de C\u00e2mera em Redmy Readmi 14C 14 C C14 4G NFC<\/p>\n","protected":false},"featured_media":1148,"comment_status":"open","ping_status":"closed","template":"","meta":{"site-sidebar-layout":"default","site-content-layout":"","ast-site-content-layout":"default","site-content-style":"default","site-sidebar-style":"default","ast-global-header-display":"","ast-banner-title-visibility":"","ast-main-header-display":"","ast-hfb-above-header-display":"","ast-hfb-below-header-display":"","ast-hfb-mobile-header-display":"","site-post-title":"","ast-breadcrumbs-content":"","ast-featured-img":"","footer-sml-layout":"","theme-transparent-header-meta":"default","adv-header-id-meta":"","stick-header-meta":"","header-above-stick-meta":"","header-main-stick-meta":"","header-below-stick-meta":"","astra-migrate-meta-layouts":"set","ast-page-background-enabled":"default","ast-page-background-meta":{"desktop":{"background-color":"var(--ast-global-color-4)","background-image":"","background-repeat":"repeat","background-position":"center center","background-size":"auto","background-attachment":"scroll","background-type":"","background-media":"","overlay-type":"","overlay-color":"","overlay-gradient":""},"tablet":{"background-color":"","background-image":"","background-repeat":"repeat","background-position":"center center","background-size":"auto","background-attachment":"scroll","background-type":"","background-media":"","overlay-type":"","overlay-color":"","overlay-gradient":""},"mobile":{"background-color":"","background-image":"","background-repeat":"repeat","background-position":"center center","background-size":"auto","background-attachment":"scroll","background-type":"","background-media":"","overlay-type":"","overlay-color":"","overlay-gradient":""}},"ast-content-background-meta":{"desktop":{"background-color":"var(--ast-global-color-5)","background-image":"","background-repeat":"repeat","background-position":"center center","background-size":"auto","background-attachment":"scroll","background-type":"","background-media":"","overlay-type":"","overlay-color":"","overlay-gradient":""},"tablet":{"background-color":"var(--ast-global-color-5)","background-image":"","background-repeat":"repeat","background-position":"center center","background-size":"auto","background-attachment":"scroll","background-type":"","background-media":"","overlay-type":"","overlay-color":"","overlay-gradient":""},"mobile":{"background-color":"var(--ast-global-color-5)","background-image":"","background-repeat":"repeat","background-position":"center center","background-size":"auto","background-attachment":"scroll","background-type":"","background-media":"","overlay-type":"","overlay-color":"","overlay-gradient":""}}},"product_brand":[],"product_cat":[29],"product_tag":[],"class_list":{"0":"post-1147","1":"product","2":"type-product","3":"status-publish","4":"has-post-thumbnail","6":"product_cat-telemoveis-e-smartphones","7":"desktop-align-left","8":"tablet-align-left","9":"mobile-align-left","11":"first","12":"instock","13":"sale","14":"taxable","15":"shipping-taxable","16":"purchasable","17":"product-type-simple"},"jetpack_sharing_enabled":true,"_links":{"self":[{"href":"https:\/\/mixsaldos.com\/index.php\/wp-json\/wp\/v2\/product\/1147"}],"collection":[{"href":"https:\/\/mixsaldos.com\/index.php\/wp-json\/wp\/v2\/product"}],"about":[{"href":"https:\/\/mixsaldos.com\/index.php\/wp-json\/wp\/v2\/types\/product"}],"replies":[{"embeddable":true,"href":"https:\/\/mixsaldos.com\/index.php\/wp-json\/wp\/v2\/comments?post=1147"}],"wp:featuredmedia":[{"embeddable":true,"href":"https:\/\/mixsaldos.com\/index.php\/wp-json\/wp\/v2\/media\/1148"}],"wp:attachment":[{"href":"https:\/\/mixsaldos.com\/index.php\/wp-json\/wp\/v2\/media?parent=1147"}],"wp:term":[{"taxonomy":"product_brand","embeddable":true,"href":"https:\/\/mixsaldos.com\/index.php\/wp-json\/wp\/v2\/product_brand?post=1147"},{"taxonomy":"product_cat","embeddable":true,"href":"https:\/\/mixsaldos.com\/index.php\/wp-json\/wp\/v2\/product_cat?post=1147"},{"taxonomy":"product_tag","embeddable":true,"href":"https:\/\/mixsaldos.com\/index.php\/wp-json\/wp\/v2\/product_tag?post=1147"}],"curies":[{"name":"wp","href":"https:\/\/api.w.org\/{rel}","templated":true}]}}