{"id":1077,"date":"2024-10-28T17:45:33","date_gmt":"2024-10-28T17:45:33","guid":{"rendered":"https:\/\/mixsaldos.com\/?post_type=product&#038;p=1077"},"modified":"2024-10-29T09:41:10","modified_gmt":"2024-10-29T09:41:10","slug":"samsung-galaxy-watch-7","status":"publish","type":"product","link":"https:\/\/mixsaldos.com\/index.php\/produto\/samsung-galaxy-watch-7\/","title":{"rendered":"Rel\u00f3gio Smart Watch Ultra Pro"},"content":{"rendered":"<p>&nbsp;<\/p>\n<p>&nbsp;<\/p>\n<h1 style=\"text-align: center;\">V\u00eddeo do Produto<\/h1>\n<p>&nbsp;<\/p>\n<div style=\"width: 1280px;\" class=\"wp-video\"><!--[if lt IE 9]><script>document.createElement('video');<\/script><![endif]-->\n<video class=\"wp-video-shortcode\" id=\"video-1077-1\" width=\"1280\" height=\"720\" autoplay=\"1\" preload=\"metadata\" controls=\"controls\"><source type=\"video\/mp4\" src=\"https:\/\/mixsaldos.com\/wp-content\/uploads\/2024\/10\/video_1005007851929087.mp4?_=1\" \/><a href=\"https:\/\/mixsaldos.com\/wp-content\/uploads\/2024\/10\/video_1005007851929087.mp4\">https:\/\/mixsaldos.com\/wp-content\/uploads\/2024\/10\/video_1005007851929087.mp4<\/a><\/video><\/div>\n<p>&nbsp;<\/p>\n<p><span style=\"vertical-align: inherit;\"><span style=\"vertical-align: inherit;\"><span style=\"vertical-align: inherit;\"><span style=\"vertical-align: inherit;\">Smart Watch para homens e mulheres, HD, AMOLED, Chamada de Voz, NFC, Rastreador GPS, Rel\u00f3gios Esportivos, Dial Personalizado, Novo, 2024<\/span><\/span><\/span><\/span><\/p>\n<p>&nbsp;<\/p>\n<p><img fetchpriority=\"high\" decoding=\"async\" class=\"alignnone size-medium wp-image-1079\" src=\"https:\/\/mixsaldos.com\/wp-content\/uploads\/2024\/10\/description_8_-300x285.avif\" alt=\"\" width=\"300\" height=\"285\" srcset=\"https:\/\/mixsaldos.com\/wp-content\/uploads\/2024\/10\/description_8_-300x285.avif 300w, https:\/\/mixsaldos.com\/wp-content\/uploads\/2024\/10\/description_8_-768x728.avif 768w, https:\/\/mixsaldos.com\/wp-content\/uploads\/2024\/10\/description_8_-600x569.avif 600w, https:\/\/mixsaldos.com\/wp-content\/uploads\/2024\/10\/description_8_.avif 950w\" sizes=\"(max-width: 300px) 100vw, 300px\" \/> <img decoding=\"async\" class=\"alignnone size-medium wp-image-1080\" src=\"https:\/\/mixsaldos.com\/wp-content\/uploads\/2024\/10\/description_9_-300x190.avif\" alt=\"\" width=\"300\" height=\"190\" srcset=\"https:\/\/mixsaldos.com\/wp-content\/uploads\/2024\/10\/description_9_-300x190.avif 300w, https:\/\/mixsaldos.com\/wp-content\/uploads\/2024\/10\/description_9_-768x486.avif 768w, https:\/\/mixsaldos.com\/wp-content\/uploads\/2024\/10\/description_9_-600x380.avif 600w, https:\/\/mixsaldos.com\/wp-content\/uploads\/2024\/10\/description_9_.avif 950w\" sizes=\"(max-width: 300px) 100vw, 300px\" \/> <img decoding=\"async\" class=\"alignnone size-medium wp-image-1081\" src=\"https:\/\/mixsaldos.com\/wp-content\/uploads\/2024\/10\/description_1_-300x169.avif\" alt=\"\" width=\"300\" height=\"169\" srcset=\"https:\/\/mixsaldos.com\/wp-content\/uploads\/2024\/10\/description_1_-300x169.avif 300w, https:\/\/mixsaldos.com\/wp-content\/uploads\/2024\/10\/description_1_-768x432.avif 768w, https:\/\/mixsaldos.com\/wp-content\/uploads\/2024\/10\/description_1_-600x337.avif 600w, https:\/\/mixsaldos.com\/wp-content\/uploads\/2024\/10\/description_1_.avif 950w\" sizes=\"(max-width: 300px) 100vw, 300px\" \/> <img loading=\"lazy\" decoding=\"async\" class=\"alignnone size-medium wp-image-1082\" src=\"https:\/\/mixsaldos.com\/wp-content\/uploads\/2024\/10\/description_2_-300x200.avif\" alt=\"\" width=\"300\" height=\"200\" srcset=\"https:\/\/mixsaldos.com\/wp-content\/uploads\/2024\/10\/description_2_-300x200.avif 300w, https:\/\/mixsaldos.com\/wp-content\/uploads\/2024\/10\/description_2_-768x512.avif 768w, https:\/\/mixsaldos.com\/wp-content\/uploads\/2024\/10\/description_2_-600x400.avif 600w, https:\/\/mixsaldos.com\/wp-content\/uploads\/2024\/10\/description_2_.avif 950w\" sizes=\"(max-width: 300px) 100vw, 300px\" \/> <img loading=\"lazy\" decoding=\"async\" class=\"alignnone size-medium wp-image-1083\" src=\"https:\/\/mixsaldos.com\/wp-content\/uploads\/2024\/10\/description_3_-300x200.avif\" alt=\"\" width=\"300\" height=\"200\" srcset=\"https:\/\/mixsaldos.com\/wp-content\/uploads\/2024\/10\/description_3_-300x200.avif 300w, https:\/\/mixsaldos.com\/wp-content\/uploads\/2024\/10\/description_3_-768x512.avif 768w, https:\/\/mixsaldos.com\/wp-content\/uploads\/2024\/10\/description_3_-600x400.avif 600w, https:\/\/mixsaldos.com\/wp-content\/uploads\/2024\/10\/description_3_.avif 950w\" sizes=\"(max-width: 300px) 100vw, 300px\" \/> <img loading=\"lazy\" decoding=\"async\" class=\"alignnone size-medium wp-image-1084\" src=\"https:\/\/mixsaldos.com\/wp-content\/uploads\/2024\/10\/description_4_-300x200.avif\" alt=\"\" width=\"300\" height=\"200\" srcset=\"https:\/\/mixsaldos.com\/wp-content\/uploads\/2024\/10\/description_4_-300x200.avif 300w, https:\/\/mixsaldos.com\/wp-content\/uploads\/2024\/10\/description_4_-768x512.avif 768w, https:\/\/mixsaldos.com\/wp-content\/uploads\/2024\/10\/description_4_-600x400.avif 600w, https:\/\/mixsaldos.com\/wp-content\/uploads\/2024\/10\/description_4_.avif 950w\" sizes=\"(max-width: 300px) 100vw, 300px\" \/> <img loading=\"lazy\" decoding=\"async\" class=\"alignnone size-medium wp-image-1085\" src=\"https:\/\/mixsaldos.com\/wp-content\/uploads\/2024\/10\/description_5_-300x200.avif\" alt=\"\" width=\"300\" height=\"200\" srcset=\"https:\/\/mixsaldos.com\/wp-content\/uploads\/2024\/10\/description_5_-300x200.avif 300w, https:\/\/mixsaldos.com\/wp-content\/uploads\/2024\/10\/description_5_-768x512.avif 768w, https:\/\/mixsaldos.com\/wp-content\/uploads\/2024\/10\/description_5_-600x400.avif 600w, https:\/\/mixsaldos.com\/wp-content\/uploads\/2024\/10\/description_5_.avif 950w\" sizes=\"(max-width: 300px) 100vw, 300px\" \/> <img loading=\"lazy\" decoding=\"async\" class=\"alignnone size-medium wp-image-1086\" src=\"https:\/\/mixsaldos.com\/wp-content\/uploads\/2024\/10\/description_6_-300x125.avif\" alt=\"\" width=\"300\" height=\"125\" srcset=\"https:\/\/mixsaldos.com\/wp-content\/uploads\/2024\/10\/description_6_-300x125.avif 300w, https:\/\/mixsaldos.com\/wp-content\/uploads\/2024\/10\/description_6_-768x319.avif 768w, https:\/\/mixsaldos.com\/wp-content\/uploads\/2024\/10\/description_6_-600x249.avif 600w, https:\/\/mixsaldos.com\/wp-content\/uploads\/2024\/10\/description_6_.avif 950w\" sizes=\"(max-width: 300px) 100vw, 300px\" \/> <img loading=\"lazy\" decoding=\"async\" class=\"alignnone size-medium wp-image-1087\" src=\"https:\/\/mixsaldos.com\/wp-content\/uploads\/2024\/10\/description_7_-300x190.avif\" alt=\"\" width=\"300\" height=\"190\" srcset=\"https:\/\/mixsaldos.com\/wp-content\/uploads\/2024\/10\/description_7_-300x190.avif 300w, https:\/\/mixsaldos.com\/wp-content\/uploads\/2024\/10\/description_7_-768x486.avif 768w, https:\/\/mixsaldos.com\/wp-content\/uploads\/2024\/10\/description_7_-600x380.avif 600w, https:\/\/mixsaldos.com\/wp-content\/uploads\/2024\/10\/description_7_.avif 950w\" sizes=\"(max-width: 300px) 100vw, 300px\" \/> <img loading=\"lazy\" decoding=\"async\" class=\"alignnone size-medium wp-image-1088\" src=\"https:\/\/mixsaldos.com\/wp-content\/uploads\/2024\/10\/description_0_-300x169.avif\" alt=\"\" width=\"300\" height=\"169\" srcset=\"https:\/\/mixsaldos.com\/wp-content\/uploads\/2024\/10\/description_0_-300x169.avif 300w, https:\/\/mixsaldos.com\/wp-content\/uploads\/2024\/10\/description_0_-1024x576.avif 1024w, https:\/\/mixsaldos.com\/wp-content\/uploads\/2024\/10\/description_0_-768x432.avif 768w, https:\/\/mixsaldos.com\/wp-content\/uploads\/2024\/10\/description_0_-600x338.avif 600w, https:\/\/mixsaldos.com\/wp-content\/uploads\/2024\/10\/description_0_.avif 1280w\" sizes=\"(max-width: 300px) 100vw, 300px\" \/><\/p>\n<p>&nbsp;<\/p>\n<p><img decoding=\"async\" src=\"https:\/\/ae01.alicdn.com\/kf\/S77e54abd7fc24cce82cf3847a038d63c3.jpg\" \/><\/p>\n<p><img decoding=\"async\" src=\"https:\/\/ae01.alicdn.com\/kf\/Sb86a6ebaab8d4a61b458c1b7219f9e9f6.jpg\" \/><\/p>\n<p><img decoding=\"async\" src=\"https:\/\/ae01.alicdn.com\/kf\/Saa97a2a665864049a6394997736d7563h.jpg\" \/><\/p>\n<p>&nbsp;<\/p>\n<p><img decoding=\"async\" src=\"https:\/\/ae01.alicdn.com\/kf\/S07a7f74aec35466b946a318dab19f87bA.jpg\" \/><\/p>\n<p><img decoding=\"async\" src=\"https:\/\/ae01.alicdn.com\/kf\/Sd8330918450244169ef24e772d5eed8aj.jpg\" \/><\/p>\n<p><img decoding=\"async\" src=\"https:\/\/ae01.alicdn.com\/kf\/S93bedacaae8e46f1be548eb68f1330b7y.jpg\" \/><\/p>\n<p><img decoding=\"async\" src=\"https:\/\/ae01.alicdn.com\/kf\/Sb1a5185080494c8bba36adfab06c686bQ.jpg\" \/><\/p>\n<p><img decoding=\"async\" src=\"https:\/\/ae01.alicdn.com\/kf\/S5d178117324542039c28c063ca857059P.jpg\" \/><\/p>\n<p><img decoding=\"async\" src=\"https:\/\/ae01.alicdn.com\/kf\/Sa72d5c999eae44f595514dffa9243e9bX.jpg\" \/><\/p>\n<p><img decoding=\"async\" src=\"https:\/\/ae01.alicdn.com\/kf\/S4b24d89d8c7b4545a2ee59bb21575f64N.jpg\" \/><\/p>\n<p><img decoding=\"async\" src=\"https:\/\/ae01.alicdn.com\/kf\/S773dd026d09c46ababefa5957df7d46c6.jpg\" \/><\/p>\n<p><img decoding=\"async\" src=\"https:\/\/ae01.alicdn.com\/kf\/Sf5037567c15e4819951398cedff84a34v.jpg\" \/><\/p>\n<p><img decoding=\"async\" src=\"https:\/\/ae01.alicdn.com\/kf\/Sc844381244244b798d9fa415103af0edT.jpg\" \/><\/p>\n<p><img decoding=\"async\" src=\"https:\/\/ae01.alicdn.com\/kf\/Se42b7130c1f240e99514a9d6e7d2b7850.jpg\" \/><\/p>\n<p>&nbsp;<\/p>\n<div class=\"detailmodule_text\" align=\"start\">\n<div class=\"detailmodule_text\" align=\"start\">\n<div class=\"detailmodule_text\" align=\"start\">\n<div class=\"flex max-w-full flex-col flex-grow\">\n<div class=\"min-h-8 text-message flex w-full flex-col items-end gap-2 whitespace-normal break-words [.text-message+&amp;]:mt-5\" dir=\"auto\" data-message-author-role=\"assistant\" data-message-id=\"16aa5684-bb0a-44c4-802c-927b48105cc8\" data-message-model-slug=\"gpt-4o\">\n<div class=\"flex w-full flex-col gap-1 empty:hidden first:pt-[3px]\">\n<div class=\"markdown prose w-full break-words dark:prose-invert light\">\n<p><strong>\u00a0 \u00a0 \u00a0 \u00a0 \u00a0 \u00a0 \u00a0 \u00a0 \u00a0 \u00a0 \u00a0 \u00a0 \u00a0 \u00a0 \u00a0 \u00a0 \u00a0 \u00a0 \u00a0 \u00a0 \u00a0 \u00a0 \u00a0 \u00a0 \u00a0 \u00a0 \u00a0 \u00a0 \u00a0 \u00a0 \u00a0 Especifica\u00e7\u00f5es do Dispositivo<\/strong><\/p>\n<p><strong>\u00a0 \u00a0 \u00a0 \u00a0 Par\u00e2metros do Hardware<\/strong><\/p>\n<ul>\n<li><strong><span style=\"vertical-align: inherit;\"><span style=\"vertical-align: inherit;\"><span style=\"vertical-align: inherit;\"><span style=\"vertical-align: inherit;\">Chipset:<\/span><\/span><\/span><\/span><\/strong><span style=\"vertical-align: inherit;\"><span style=\"vertical-align: inherit;\"><span style=\"vertical-align: inherit;\"><span style=\"vertical-align: inherit;\"> Bluetrum AB5681<\/span><\/span><\/span><\/span><\/li>\n<li><strong>Compatibilidade:<\/strong> Android 5.0+; iOS 10.0+<\/li>\n<li><strong>Mem\u00f3ria Flash:<\/strong> 128 MB<\/li>\n<li><strong>Tela:<\/strong> AMOLED, 1,43 polegadas, resolu\u00e7\u00e3o 466&#215;466<\/li>\n<li><strong><span style=\"vertical-align: inherit;\"><span style=\"vertical-align: inherit;\"><span style=\"vertical-align: inherit;\"><span style=\"vertical-align: inherit;\">Toque CI:<\/span><\/span><\/span><\/span><\/strong><span style=\"vertical-align: inherit;\"><span style=\"vertical-align: inherit;\"><span style=\"vertical-align: inherit;\"><span style=\"vertical-align: inherit;\"> CST820<\/span><\/span><\/span><\/span><\/li>\n<li><strong>Bluetooth:<\/strong> Vers\u00e3o BLE 5.4, chamada via Bluetooth pelo chipset Bluetrum AB5681<\/li>\n<li><strong><span style=\"vertical-align: inherit;\"><span style=\"vertical-align: inherit;\"><span style=\"vertical-align: inherit;\"><span style=\"vertical-align: inherit;\">NFC:<\/span><\/span><\/span><\/span><\/strong><span style=\"vertical-align: inherit;\"><span style=\"vertical-align: inherit;\"><span style=\"vertical-align: inherit;\"><span style=\"vertical-align: inherit;\"> Sim<\/span><\/span><\/span><\/span><\/li>\n<\/ul>\n<p><strong>Fun\u00e7\u00f5es de Software (App)<\/strong><\/p>\n<ul>\n<li><strong>Esporte:<\/strong> Contagem de passos, calorias queimadas, medi\u00e7\u00e3o de dist\u00e2ncia<\/li>\n<li><strong>Sa\u00fade:<\/strong> Monitoramento de press\u00e3o arterial, frequ\u00eancia card\u00edaca, n\u00edvel de oxig\u00eanio no sangue, lembretes sedent\u00e1rios, monitoramento do sono<\/li>\n<li><strong>Lembretes Inteligentes:<\/strong> Notifica\u00e7\u00f5es de chamadas, SMS e redes sociais (WeChat, QQ, Facebook, Twitter, WhatsApp, LinkedIn, Instagram, Messenger, Snapchat, Line, Kakao Talk, Viber, Skype, Telegram)<\/li>\n<li><strong>Outras Fun\u00e7\u00f5es:<\/strong> Levantamento de tela para ativa\u00e7\u00e3o, despertador, controle remoto da c\u00e2mera, localizar telefone, entre outros<\/li>\n<\/ul>\n<p><strong>Fun\u00e7\u00f5es de Hardware<\/strong><\/p>\n<ul>\n<li><strong>Dados Esportivos:<\/strong> Monitoramento de frequ\u00eancia card\u00edaca em tempo real, dura\u00e7\u00e3o do exerc\u00edcio, consumo cal\u00f3rico, monitoramento de dist\u00e2ncia<\/li>\n<li><strong>Modos Esportivos:<\/strong> Caminhada, corrida, montanhismo, ciclismo, pular corda, basquete, badminton, futebol, ioga, entre outros<\/li>\n<li><strong>Outras Caracter\u00edsticas:<\/strong> Menu 3D, fun\u00e7\u00e3o SOS, atualiza\u00e7\u00f5es OTA, barra de atalho (centro de controle), ped\u00f4metro, previs\u00e3o do tempo, cron\u00f4metro, contagem regressiva, controle de m\u00fasica, personaliza\u00e7\u00e3o de configura\u00e7\u00f5es, bloqueio por senha, exerc\u00edcios respirat\u00f3rios, modos de economia de energia, assistente de voz (SIRI), chamadas, tela dividida, lanterna, c\u00f3digos de pagamento, digitaliza\u00e7\u00e3o de QR, calend\u00e1rio, entre outros.<\/li>\n<\/ul>\n<p><strong>Outros Par\u00e2metros<\/strong><\/p>\n<ul>\n<li><strong>N\u00edvel de Impermeabilidade:<\/strong> IP68 (suporta nata\u00e7\u00e3o)<\/li>\n<li><strong>Tempo de Carregamento:<\/strong> Aproximadamente 4 horas<\/li>\n<li><strong>Dura\u00e7\u00e3o da Bateria:<\/strong> At\u00e9 7 dias<\/li>\n<li><strong>Consumo em Standby:<\/strong> 70uA<\/li>\n<li><strong>Carregador:<\/strong> DC 5V<\/li>\n<li><strong>Idiomas do Firmware:<\/strong> Chin\u00eas, Ingl\u00eas, Russo, Espanhol, Alem\u00e3o, Italiano, Franc\u00eas, Portugu\u00eas, Polon\u00eas, Holand\u00eas, Turco, Japon\u00eas, \u00c1rabe, Farsi, Hebraico, entre outros<\/li>\n<li><strong>Idiomas do App:<\/strong> Ingl\u00eas, Chin\u00eas, Alem\u00e3o, Franc\u00eas, \u00c1rabe, Tailand\u00eas, Sueco, Coreano, Grego, Hindi, entre outros&#8230;<\/li>\n<\/ul>\n<\/div>\n<\/div>\n<\/div>\n<\/div>\n<div class=\"mb-2 flex gap-3 empty:hidden -ml-2\">\n<div class=\"items-center justify-start rounded-xl p-1 flex\"><\/div>\n<\/div>\n<\/div>\n<\/div>\n<\/div>\n","protected":false},"excerpt":{"rendered":"<p><span style=\"vertical-align: inherit;\"><span style=\"vertical-align: inherit;\">Rel\u00f3gio Smart Watch Ultra Pro para homens e mulheres, HD, AMOLED, Chamada de Voz, NFC, Rastreador GPS, Rel\u00f3gios Esportivos, Dial Personalizado, Novo, 2024<\/span><\/span><\/p>\n","protected":false},"featured_media":1095,"comment_status":"open","ping_status":"closed","template":"","meta":{"site-sidebar-layout":"default","site-content-layout":"","ast-site-content-layout":"default","site-content-style":"default","site-sidebar-style":"default","ast-global-header-display":"","ast-banner-title-visibility":"","ast-main-header-display":"","ast-hfb-above-header-display":"","ast-hfb-below-header-display":"","ast-hfb-mobile-header-display":"","site-post-title":"","ast-breadcrumbs-content":"","ast-featured-img":"","footer-sml-layout":"","theme-transparent-header-meta":"default","adv-header-id-meta":"","stick-header-meta":"","header-above-stick-meta":"","header-main-stick-meta":"","header-below-stick-meta":"","astra-migrate-meta-layouts":"set","ast-page-background-enabled":"default","ast-page-background-meta":{"desktop":{"background-color":"var(--ast-global-color-4)","background-image":"","background-repeat":"repeat","background-position":"center center","background-size":"auto","background-attachment":"scroll","background-type":"","background-media":"","overlay-type":"","overlay-color":"","overlay-gradient":""},"tablet":{"background-color":"","background-image":"","background-repeat":"repeat","background-position":"center center","background-size":"auto","background-attachment":"scroll","background-type":"","background-media":"","overlay-type":"","overlay-color":"","overlay-gradient":""},"mobile":{"background-color":"","background-image":"","background-repeat":"repeat","background-position":"center center","background-size":"auto","background-attachment":"scroll","background-type":"","background-media":"","overlay-type":"","overlay-color":"","overlay-gradient":""}},"ast-content-background-meta":{"desktop":{"background-color":"var(--ast-global-color-5)","background-image":"","background-repeat":"repeat","background-position":"center center","background-size":"auto","background-attachment":"scroll","background-type":"","background-media":"","overlay-type":"","overlay-color":"","overlay-gradient":""},"tablet":{"background-color":"var(--ast-global-color-5)","background-image":"","background-repeat":"repeat","background-position":"center center","background-size":"auto","background-attachment":"scroll","background-type":"","background-media":"","overlay-type":"","overlay-color":"","overlay-gradient":""},"mobile":{"background-color":"var(--ast-global-color-5)","background-image":"","background-repeat":"repeat","background-position":"center center","background-size":"auto","background-attachment":"scroll","background-type":"","background-media":"","overlay-type":"","overlay-color":"","overlay-gradient":""}}},"product_brand":[],"product_cat":[16],"product_tag":[],"class_list":{"0":"post-1077","1":"product","2":"type-product","3":"status-publish","4":"has-post-thumbnail","6":"product_cat-aventura","7":"desktop-align-left","8":"tablet-align-left","9":"mobile-align-left","11":"first","12":"instock","13":"sale","14":"taxable","15":"shipping-taxable","16":"purchasable","17":"product-type-simple"},"jetpack_sharing_enabled":true,"_links":{"self":[{"href":"https:\/\/mixsaldos.com\/index.php\/wp-json\/wp\/v2\/product\/1077"}],"collection":[{"href":"https:\/\/mixsaldos.com\/index.php\/wp-json\/wp\/v2\/product"}],"about":[{"href":"https:\/\/mixsaldos.com\/index.php\/wp-json\/wp\/v2\/types\/product"}],"replies":[{"embeddable":true,"href":"https:\/\/mixsaldos.com\/index.php\/wp-json\/wp\/v2\/comments?post=1077"}],"wp:featuredmedia":[{"embeddable":true,"href":"https:\/\/mixsaldos.com\/index.php\/wp-json\/wp\/v2\/media\/1095"}],"wp:attachment":[{"href":"https:\/\/mixsaldos.com\/index.php\/wp-json\/wp\/v2\/media?parent=1077"}],"wp:term":[{"taxonomy":"product_brand","embeddable":true,"href":"https:\/\/mixsaldos.com\/index.php\/wp-json\/wp\/v2\/product_brand?post=1077"},{"taxonomy":"product_cat","embeddable":true,"href":"https:\/\/mixsaldos.com\/index.php\/wp-json\/wp\/v2\/product_cat?post=1077"},{"taxonomy":"product_tag","embeddable":true,"href":"https:\/\/mixsaldos.com\/index.php\/wp-json\/wp\/v2\/product_tag?post=1077"}],"curies":[{"name":"wp","href":"https:\/\/api.w.org\/{rel}","templated":true}]}}