{"id":790,"date":"2024-08-04T11:51:12","date_gmt":"2024-08-04T10:51:12","guid":{"rendered":"https:\/\/mixsaldos.com\/?page_id=790"},"modified":"2024-08-06T19:49:37","modified_gmt":"2024-08-06T18:49:37","slug":"chekout","status":"publish","type":"page","link":"https:\/\/mixsaldos.com\/index.php\/chekout\/","title":{"rendered":"Chekout"},"content":{"rendered":"\t\t<div data-elementor-type=\"wp-page\" data-elementor-id=\"790\" class=\"elementor elementor-790\">\n\t\t\t\t<div class=\"elementor-element elementor-element-aa046c6 e-flex e-con-boxed e-con e-parent\" data-id=\"aa046c6\" data-element_type=\"container\" data-e-type=\"container\" data-settings=\"{&quot;background_background&quot;:&quot;classic&quot;}\">\n\t\t\t\t\t<div class=\"e-con-inner\">\n\t\t\t\t<div class=\"elementor-element elementor-element-2e1e11b elementor-widget elementor-widget-image\" data-id=\"2e1e11b\" data-element_type=\"widget\" data-e-type=\"widget\" data-widget_type=\"image.default\">\n\t\t\t\t<div class=\"elementor-widget-container\">\n\t\t\t\t\t\t\t\t\t\t\t\t\t\t\t\t<a href=\"http:\/\/www.mixsaldos.com\">\n\t\t\t\t\t\t\t<img decoding=\"async\" width=\"150\" height=\"150\" src=\"https:\/\/mixsaldos.com\/wp-content\/uploads\/2024\/03\/cropped-MIX-WEB-5-1-150x150.png\" class=\"attachment-thumbnail size-thumbnail wp-image-607\" alt=\"\" srcset=\"https:\/\/mixsaldos.com\/wp-content\/uploads\/2024\/03\/cropped-MIX-WEB-5-1-150x150.png 150w, https:\/\/mixsaldos.com\/wp-content\/uploads\/2024\/03\/cropped-MIX-WEB-5-1-300x300.png 300w, https:\/\/mixsaldos.com\/wp-content\/uploads\/2024\/03\/cropped-MIX-WEB-5-1-100x100.png 100w, https:\/\/mixsaldos.com\/wp-content\/uploads\/2024\/03\/cropped-MIX-WEB-5-1.png 512w\" sizes=\"(max-width: 150px) 100vw, 150px\" \/>\t\t\t\t\t\t\t\t<\/a>\n\t\t\t\t\t\t\t\t\t\t\t\t\t\t\t<\/div>\n\t\t\t\t<\/div>\n\t\t\t\t\t<\/div>\n\t\t\t\t<\/div>\n\t\t<div class=\"elementor-element elementor-element-5dbab10 e-flex e-con-boxed e-con e-parent\" data-id=\"5dbab10\" data-element_type=\"container\" data-e-type=\"container\" data-settings=\"{&quot;background_background&quot;:&quot;classic&quot;}\">\n\t\t\t\t\t<div class=\"e-con-inner\">\n\t\t\t\t<div class=\"elementor-element elementor-element-261ee1a e-checkout-layout-two-column elementor-widget elementor-widget-woocommerce-checkout-page\" data-id=\"261ee1a\" data-element_type=\"widget\" data-e-type=\"widget\" data-widget_type=\"woocommerce-checkout-page.default\">\n\t\t\t\t<div class=\"elementor-widget-container\">\n\t\t\t\t\t<div class=\"woocommerce\"><\/div>\t\t\t\t<\/div>\n\t\t\t\t<\/div>\n\t\t\t\t\t<\/div>\n\t\t\t\t<\/div>\n\t\t\t\t<\/div>\n\t\t","protected":false},"excerpt":{"rendered":"<p>Detalhes de cobran\u00e7a Nome&nbsp;* Apelido&nbsp;* Pa\u00eds \/ Regi\u00e3o&nbsp;*Seleccione um pa\u00eds \/ regi\u00e3o&hellip;Afeganist\u00e3oAlb\u00e2niaAlemanhaAndorraAngolaAnguilaAnt\u00e1rctidaAnt\u00edgua e BarbudaArgentinaArg\u00e9liaArm\u00e9niaArubaAr\u00e1bia SauditaAustr\u00e1liaAzerbaij\u00e3oBahamasBahreinBangladeshBarbadosBelauBelizeBenimBermudasBielorr\u00fassiaBol\u00edviaBonaire, Saint Eustatius e SabaBotsuanaBrasilBruneiBulg\u00e1riaBurquina FasoBurundiBut\u00e3oB\u00e9lgicaB\u00f3snia [&hellip;]<\/p>\n","protected":false},"author":1,"featured_media":0,"parent":0,"menu_order":0,"comment_status":"closed","ping_status":"closed","template":"","meta":{"site-sidebar-layout":"no-sidebar","site-content-layout":"","ast-site-content-layout":"full-width-container","site-content-style":"default","site-sidebar-style":"default","ast-global-header-display":"","ast-banner-title-visibility":"","ast-main-header-display":"","ast-hfb-above-header-display":"","ast-hfb-below-header-display":"","ast-hfb-mobile-header-display":"","site-post-title":"disabled","ast-breadcrumbs-content":"","ast-featured-img":"disabled","footer-sml-layout":"","theme-transparent-header-meta":"","adv-header-id-meta":"","stick-header-meta":"","header-above-stick-meta":"","header-main-stick-meta":"","header-below-stick-meta":"","astra-migrate-meta-layouts":"default","ast-page-background-enabled":"default","ast-page-background-meta":{"desktop":{"background-color":"var(--ast-global-color-4)","background-image":"","background-repeat":"repeat","background-position":"center center","background-size":"auto","background-attachment":"scroll","background-type":"","background-media":"","overlay-type":"","overlay-color":"","overlay-gradient":""},"tablet":{"background-color":"","background-image":"","background-repeat":"repeat","background-position":"center center","background-size":"auto","background-attachment":"scroll","background-type":"","background-media":"","overlay-type":"","overlay-color":"","overlay-gradient":""},"mobile":{"background-color":"","background-image":"","background-repeat":"repeat","background-position":"center center","background-size":"auto","background-attachment":"scroll","background-type":"","background-media":"","overlay-type":"","overlay-color":"","overlay-gradient":""}},"ast-content-background-meta":{"desktop":{"background-color":"var(--ast-global-color-5)","background-image":"","background-repeat":"repeat","background-position":"center center","background-size":"auto","background-attachment":"scroll","background-type":"","background-media":"","overlay-type":"","overlay-color":"","overlay-gradient":""},"tablet":{"background-color":"var(--ast-global-color-5)","background-image":"","background-repeat":"repeat","background-position":"center center","background-size":"auto","background-attachment":"scroll","background-type":"","background-media":"","overlay-type":"","overlay-color":"","overlay-gradient":""},"mobile":{"background-color":"var(--ast-global-color-5)","background-image":"","background-repeat":"repeat","background-position":"center center","background-size":"auto","background-attachment":"scroll","background-type":"","background-media":"","overlay-type":"","overlay-color":"","overlay-gradient":""}},"footnotes":""},"class_list":["post-790","page","type-page","status-publish","hentry"],"jetpack_sharing_enabled":true,"_links":{"self":[{"href":"https:\/\/mixsaldos.com\/index.php\/wp-json\/wp\/v2\/pages\/790"}],"collection":[{"href":"https:\/\/mixsaldos.com\/index.php\/wp-json\/wp\/v2\/pages"}],"about":[{"href":"https:\/\/mixsaldos.com\/index.php\/wp-json\/wp\/v2\/types\/page"}],"author":[{"embeddable":true,"href":"https:\/\/mixsaldos.com\/index.php\/wp-json\/wp\/v2\/users\/1"}],"replies":[{"embeddable":true,"href":"https:\/\/mixsaldos.com\/index.php\/wp-json\/wp\/v2\/comments?post=790"}],"version-history":[{"count":40,"href":"https:\/\/mixsaldos.com\/index.php\/wp-json\/wp\/v2\/pages\/790\/revisions"}],"predecessor-version":[{"id":901,"href":"https:\/\/mixsaldos.com\/index.php\/wp-json\/wp\/v2\/pages\/790\/revisions\/901"}],"wp:attachment":[{"href":"https:\/\/mixsaldos.com\/index.php\/wp-json\/wp\/v2\/media?parent=790"}],"curies":[{"name":"wp","href":"https:\/\/api.w.org\/{rel}","templated":true}]}}