{"id":326,"date":"2024-03-26T18:24:58","date_gmt":"2024-03-26T18:24:58","guid":{"rendered":"https:\/\/mixsaldos.com\/?page_id=326"},"modified":"2025-02-08T18:12:56","modified_gmt":"2025-02-08T18:12:56","slug":"solucoes-em-aventuras","status":"publish","type":"page","link":"https:\/\/mixsaldos.com\/index.php\/solucoes-em-aventuras\/","title":{"rendered":"Solu\u00e7\u00f5es em Aventuras"},"content":{"rendered":"\t\t<div data-elementor-type=\"wp-page\" data-elementor-id=\"326\" class=\"elementor elementor-326\">\n\t\t\t\t<div class=\"elementor-element elementor-element-4f1428f9 e-con-full e-flex e-con e-parent\" data-id=\"4f1428f9\" data-element_type=\"container\" data-e-type=\"container\" data-settings=\"{&quot;background_background&quot;:&quot;classic&quot;}\">\n\t\t<div class=\"elementor-element elementor-element-bf01f98 e-con-full e-flex e-con e-child\" data-id=\"bf01f98\" data-element_type=\"container\" data-e-type=\"container\">\n\t\t\t\t<div class=\"elementor-element elementor-element-16ef912f elementor-widget elementor-widget-image\" data-id=\"16ef912f\" data-element_type=\"widget\" data-e-type=\"widget\" data-widget_type=\"image.default\">\n\t\t\t\t<div class=\"elementor-widget-container\">\n\t\t\t\t\t\t\t\t\t\t\t\t\t\t\t\t<a href=\"http:\/\/www.mixsaldos.com\">\n\t\t\t\t\t\t\t<img fetchpriority=\"high\" decoding=\"async\" width=\"300\" height=\"300\" src=\"https:\/\/mixsaldos.com\/wp-content\/uploads\/2024\/03\/MIX_WEB__4_-removebg-preview-300x300.png\" class=\"attachment-medium size-medium wp-image-33\" alt=\"\" srcset=\"https:\/\/mixsaldos.com\/wp-content\/uploads\/2024\/03\/MIX_WEB__4_-removebg-preview-300x300.png 300w, https:\/\/mixsaldos.com\/wp-content\/uploads\/2024\/03\/MIX_WEB__4_-removebg-preview-100x100.png 100w, https:\/\/mixsaldos.com\/wp-content\/uploads\/2024\/03\/MIX_WEB__4_-removebg-preview-150x150.png 150w, https:\/\/mixsaldos.com\/wp-content\/uploads\/2024\/03\/MIX_WEB__4_-removebg-preview.png 500w\" sizes=\"(max-width: 300px) 100vw, 300px\" \/>\t\t\t\t\t\t\t\t<\/a>\n\t\t\t\t\t\t\t\t\t\t\t\t\t\t\t<\/div>\n\t\t\t\t<\/div>\n\t\t\t\t<\/div>\n\t\t<div class=\"elementor-element elementor-element-7972d390 e-flex e-con-boxed e-con e-child\" data-id=\"7972d390\" data-element_type=\"container\" data-e-type=\"container\">\n\t\t\t\t\t<div class=\"e-con-inner\">\n\t\t\t\t<div class=\"elementor-element elementor-element-111a5221 elementor-search-form--skin-classic elementor-search-form--button-type-icon elementor-search-form--icon-search elementor-widget elementor-widget-search-form\" data-id=\"111a5221\" data-element_type=\"widget\" data-e-type=\"widget\" data-settings=\"{&quot;skin&quot;:&quot;classic&quot;}\" data-widget_type=\"search-form.default\">\n\t\t\t\t<div class=\"elementor-widget-container\">\n\t\t\t\t\t\t\t<form class=\"elementor-search-form\" action=\"https:\/\/mixsaldos.com\" method=\"get\" role=\"search\">\n\t\t\t\t\t\t\t\t\t<div class=\"elementor-search-form__container\">\n\t\t\t\t<label class=\"elementor-screen-only\" for=\"elementor-search-form-111a5221\">Search<\/label>\n\n\t\t\t\t\n\t\t\t\t<input id=\"elementor-search-form-111a5221\" placeholder=\"O que esta a buscar?\" class=\"elementor-search-form__input\" type=\"search\" name=\"s\" value=\"\">\n\t\t\t\t\n\t\t\t\t\t\t\t\t\t<button class=\"elementor-search-form__submit\" type=\"submit\" aria-label=\"Search\">\n\t\t\t\t\t\t\t\t\t\t\t\t\t<div class=\"e-font-icon-svg-container\"><svg class=\"fa fa-search e-font-icon-svg e-fas-search\" viewBox=\"0 0 512 512\" xmlns=\"http:\/\/www.w3.org\/2000\/svg\"><path d=\"M505 442.7L405.3 343c-4.5-4.5-10.6-7-17-7H372c27.6-35.3 44-79.7 44-128C416 93.1 322.9 0 208 0S0 93.1 0 208s93.1 208 208 208c48.3 0 92.7-16.4 128-44v16.3c0 6.4 2.5 12.5 7 17l99.7 99.7c9.4 9.4 24.6 9.4 33.9 0l28.3-28.3c9.4-9.4 9.4-24.6.1-34zM208 336c-70.7 0-128-57.2-128-128 0-70.7 57.2-128 128-128 70.7 0 128 57.2 128 128 0 70.7-57.2 128-128 128z\"><\/path><\/svg><\/div>\t\t\t\t\t\t\t<span class=\"elementor-screen-only\">Search<\/span>\n\t\t\t\t\t\t\t\t\t\t\t<\/button>\n\t\t\t\t\n\t\t\t\t\t\t\t<\/div>\n\t\t<\/form>\n\t\t\t\t\t\t<\/div>\n\t\t\t\t<\/div>\n\t\t\t\t\t<\/div>\n\t\t\t\t<\/div>\n\t\t<div class=\"elementor-element elementor-element-3674cf60 e-con-full e-flex e-con e-child\" data-id=\"3674cf60\" data-element_type=\"container\" data-e-type=\"container\">\n\t\t\t\t<\/div>\n\t\t\t\t<\/div>\n\t\t<div class=\"elementor-element elementor-element-f39775e e-flex e-con-boxed e-con e-parent\" data-id=\"f39775e\" data-element_type=\"container\" data-e-type=\"container\" data-settings=\"{&quot;background_background&quot;:&quot;classic&quot;}\">\n\t\t\t\t\t<div class=\"e-con-inner\">\n\t\t<div class=\"elementor-element elementor-element-d6b0f1f e-con-full e-flex e-con e-child\" data-id=\"d6b0f1f\" data-element_type=\"container\" data-e-type=\"container\">\n\t\t\t\t<div class=\"elementor-element elementor-element-1aabee5 elementor-widget elementor-widget-heading\" data-id=\"1aabee5\" data-element_type=\"widget\" data-e-type=\"widget\" data-widget_type=\"heading.default\">\n\t\t\t\t<div class=\"elementor-widget-container\">\n\t\t\t\t\t<h2 class=\"elementor-heading-title elementor-size-default\">SOLU\u00c7\u00d5ES EM AVENTURAS<\/h2>\t\t\t\t<\/div>\n\t\t\t\t<\/div>\n\t\t\t\t<\/div>\n\t\t<div class=\"elementor-element elementor-element-6953cc9 e-con-full e-flex e-con e-child\" data-id=\"6953cc9\" data-element_type=\"container\" data-e-type=\"container\">\n\t\t\t\t<div class=\"elementor-element elementor-element-998396e elementor-widget elementor-widget-image\" data-id=\"998396e\" data-element_type=\"widget\" data-e-type=\"widget\" data-widget_type=\"image.default\">\n\t\t\t\t<div class=\"elementor-widget-container\">\n\t\t\t\t\t\t\t\t\t\t\t\t\t\t\t<img decoding=\"async\" width=\"500\" height=\"500\" src=\"https:\/\/mixsaldos.com\/wp-content\/uploads\/2024\/03\/Mix_Aventura-removebg-preview.png\" class=\"attachment-large size-large wp-image-343\" alt=\"\" srcset=\"https:\/\/mixsaldos.com\/wp-content\/uploads\/2024\/03\/Mix_Aventura-removebg-preview.png 500w, https:\/\/mixsaldos.com\/wp-content\/uploads\/2024\/03\/Mix_Aventura-removebg-preview-300x300.png 300w, https:\/\/mixsaldos.com\/wp-content\/uploads\/2024\/03\/Mix_Aventura-removebg-preview-100x100.png 100w, https:\/\/mixsaldos.com\/wp-content\/uploads\/2024\/03\/Mix_Aventura-removebg-preview-150x150.png 150w\" sizes=\"(max-width: 500px) 100vw, 500px\" \/>\t\t\t\t\t\t\t\t\t\t\t\t\t\t\t<\/div>\n\t\t\t\t<\/div>\n\t\t\t\t<\/div>\n\t\t\t\t\t<\/div>\n\t\t\t\t<\/div>\n\t\t<div class=\"elementor-element elementor-element-012e24d e-flex e-con-boxed e-con e-parent\" data-id=\"012e24d\" data-element_type=\"container\" data-e-type=\"container\">\n\t\t\t\t\t<div class=\"e-con-inner\">\n\t\t\t\t<div class=\"elementor-element elementor-element-51dc9fa elementor-product-loop-item--align-center elementor-grid-8 elementor-grid-tablet-3 elementor-grid-mobile-2 elementor-products-grid elementor-wc-products elementor-widget elementor-widget-woocommerce-products\" data-id=\"51dc9fa\" data-element_type=\"widget\" data-e-type=\"widget\" data-widget_type=\"woocommerce-products.default\">\n\t\t\t\t<div class=\"elementor-widget-container\">\n\t\t\t\t\t<div class=\"woocommerce columns-8 \"><ul class=\"products elementor-grid columns-8\">\n<li class=\"desktop-align-left tablet-align-left mobile-align-left product type-product post-203 status-publish first instock product_cat-aventura product_cat-para-sua-casa has-post-thumbnail sale taxable shipping-taxable purchasable product-type-simple\">\n\t<a href=\"https:\/\/mixsaldos.com\/index.php\/produto\/chaveiro-led\/\" class=\"woocommerce-LoopProduct-link woocommerce-loop-product__link\">\n\t\n\t<img decoding=\"async\" width=\"300\" height=\"300\" src=\"https:\/\/mixsaldos.com\/wp-content\/uploads\/2024\/03\/Chaveiro-Led-300x300.png\" class=\"attachment-woocommerce_thumbnail size-woocommerce_thumbnail\" alt=\"\" srcset=\"https:\/\/mixsaldos.com\/wp-content\/uploads\/2024\/03\/Chaveiro-Led-300x300.png 300w, https:\/\/mixsaldos.com\/wp-content\/uploads\/2024\/03\/Chaveiro-Led-100x100.png 100w, https:\/\/mixsaldos.com\/wp-content\/uploads\/2024\/03\/Chaveiro-Led-150x150.png 150w, https:\/\/mixsaldos.com\/wp-content\/uploads\/2024\/03\/Chaveiro-Led.png 305w\" sizes=\"(max-width: 300px) 100vw, 300px\" \/><h2 class=\"woocommerce-loop-product__title\">Chaveiro Led<\/h2><div class=\"star-rating\"><span style=\"width:0%\">Avalia\u00e7\u00e3o <strong class=\"rating\">0<\/strong> de 5<\/span><\/div>\n\t<span class=\"price\"><del aria-hidden=\"true\"><span class=\"woocommerce-Price-amount amount\"><bdi>17,00&nbsp;<span class=\"woocommerce-Price-currencySymbol\">&euro;<\/span><\/bdi><\/span><\/del> <span class=\"screen-reader-text\">O pre\u00e7o original era: 17,00&nbsp;&euro;.<\/span><ins aria-hidden=\"true\"><span class=\"woocommerce-Price-amount amount\"><bdi>1,00&nbsp;<span class=\"woocommerce-Price-currencySymbol\">&euro;<\/span><\/bdi><\/span><\/ins><span class=\"screen-reader-text\">O pre\u00e7o atual \u00e9: 1,00&nbsp;&euro;.<\/span><\/span>\n<\/a><span  class=\"ast-on-card-button ast-onsale-card\" data-notification=\"default\">Sale!<\/span><a href=\"?add-to-cart=203\" data-quantity=\"1\" class=\"ast-on-card-button ast-select-options-trigger product_type_simple add_to_cart_button ajax_add_to_cart\" data-product_id=\"203\" data-product_sku=\"1020\" aria-label=\"Adiciona ao carrinho: &ldquo;Chaveiro Led&rdquo;\" rel=\"nofollow\"> <span class=\"ast-card-action-tooltip\"> Adicionar <\/span> <span class=\"ahfb-svg-iconset\"> <span class=\"ast-icon icon-bag\"><svg xmlns=\"http:\/\/www.w3.org\/2000\/svg\" xmlns:xlink=\"http:\/\/www.w3.org\/1999\/xlink\" version=\"1.1\" id=\"ast-bag-icon-svg\" x=\"0px\" y=\"0px\" width=\"100\" height=\"100\" viewBox=\"826 826 140 140\" enable-background=\"new 826 826 140 140\" xml:space=\"preserve\">\n\t\t\t\t<path d=\"M960.758,934.509l2.632,23.541c0.15,1.403-0.25,2.657-1.203,3.761c-0.953,1.053-2.156,1.579-3.61,1.579H833.424  c-1.454,0-2.657-0.526-3.61-1.579c-0.952-1.104-1.354-2.357-1.203-3.761l2.632-23.541H960.758z M953.763,871.405l6.468,58.29H831.77  l6.468-58.29c0.15-1.203,0.677-2.218,1.58-3.045c0.903-0.827,1.981-1.241,3.234-1.241h19.254v9.627c0,2.658,0.94,4.927,2.82,6.807  s4.149,2.82,6.807,2.82c2.658,0,4.926-0.94,6.807-2.82s2.821-4.149,2.821-6.807v-9.627h28.882v9.627  c0,2.658,0.939,4.927,2.819,6.807c1.881,1.88,4.149,2.82,6.807,2.82s4.927-0.94,6.808-2.82c1.879-1.88,2.82-4.149,2.82-6.807v-9.627  h19.253c1.255,0,2.332,0.414,3.235,1.241C953.086,869.187,953.612,870.202,953.763,871.405z M924.881,857.492v19.254  c0,1.304-0.476,2.432-1.429,3.385s-2.08,1.429-3.385,1.429c-1.303,0-2.432-0.477-3.384-1.429c-0.953-0.953-1.43-2.081-1.43-3.385  v-19.254c0-5.315-1.881-9.853-5.641-13.613c-3.76-3.761-8.298-5.641-13.613-5.641s-9.853,1.88-13.613,5.641  c-3.761,3.76-5.641,8.298-5.641,13.613v19.254c0,1.304-0.476,2.432-1.429,3.385c-0.953,0.953-2.081,1.429-3.385,1.429  c-1.303,0-2.432-0.477-3.384-1.429c-0.953-0.953-1.429-2.081-1.429-3.385v-19.254c0-7.973,2.821-14.779,8.461-20.42  c5.641-5.641,12.448-8.461,20.42-8.461c7.973,0,14.779,2.82,20.42,8.461C922.062,842.712,924.881,849.519,924.881,857.492z\"\/>\n\t\t\t\t<\/svg><\/span> <\/span> <\/a><a href=\"?add-to-cart=203\" aria-describedby=\"woocommerce_loop_add_to_cart_link_describedby_203\" data-quantity=\"1\" class=\"button product_type_simple add_to_cart_button ajax_add_to_cart\" data-product_id=\"203\" data-product_sku=\"1020\" aria-label=\"Adiciona ao carrinho: &ldquo;Chaveiro Led&rdquo;\" rel=\"nofollow\" data-success_message=\"&ldquo;Chaveiro Led&rdquo; foi adicionado ao seu carrinho\" data-product_name=\"Chaveiro Led\" data-price=\"1\">Adicionar<\/a>\t<span id=\"woocommerce_loop_add_to_cart_link_describedby_203\" class=\"screen-reader-text\">\n\t\t\t<\/span>\n<\/li>\n<\/ul>\n<\/div>\t\t\t\t<\/div>\n\t\t\t\t<\/div>\n\t\t\t\t\t<\/div>\n\t\t\t\t<\/div>\n\t\t<div class=\"elementor-element elementor-element-ac8212f e-con-full e-flex e-con e-parent\" data-id=\"ac8212f\" data-element_type=\"container\" data-e-type=\"container\" data-settings=\"{&quot;background_background&quot;:&quot;classic&quot;}\">\n\t\t\t\t<div class=\"elementor-element elementor-element-7814f79f elementor-widget elementor-widget-heading\" data-id=\"7814f79f\" data-element_type=\"widget\" data-e-type=\"widget\" data-widget_type=\"heading.default\">\n\t\t\t\t<div class=\"elementor-widget-container\">\n\t\t\t\t\t<h2 class=\"elementor-heading-title elementor-size-default\"> Descubra uma Sele\u00e7\u00e3o \u00danica de Produtos - Assine a Nossa Newsletter<\/h2>\t\t\t\t<\/div>\n\t\t\t\t<\/div>\n\t\t\t\t<div class=\"elementor-element elementor-element-7cadfa62 elementor-widget__width-initial elementor-widget-mobile__width-inherit elementor-widget elementor-widget-text-editor\" data-id=\"7cadfa62\" data-element_type=\"widget\" data-e-type=\"widget\" data-widget_type=\"text-editor.default\">\n\t\t\t\t<div class=\"elementor-widget-container\">\n\t\t\t\t\t\t\t\t\t<p><span style=\"vertical-align: inherit;\"><span style=\"vertical-align: inherit;\"><span style=\"vertical-align: inherit;\"><span style=\"vertical-align: inherit;\">Est\u00e1 pronto para explorar uma cole\u00e7\u00e3o exclusiva de produtos que v\u00e3o tornar o seu dia a dia mais pr\u00e1tico e interessante?<\/span><\/span><\/span><\/span><\/p>\t\t\t\t\t\t\t\t<\/div>\n\t\t\t\t<\/div>\n\t\t\t\t<div class=\"elementor-element elementor-element-5d5bfcf1 elementor-widget__width-initial elementor-widget-tablet__width-inherit elementor-button-align-stretch elementor-widget elementor-widget-form\" data-id=\"5d5bfcf1\" data-element_type=\"widget\" data-e-type=\"widget\" data-settings=\"{&quot;step_next_label&quot;:&quot;Next&quot;,&quot;step_previous_label&quot;:&quot;Previous&quot;,&quot;button_width&quot;:&quot;20&quot;,&quot;step_type&quot;:&quot;number_text&quot;,&quot;step_icon_shape&quot;:&quot;circle&quot;}\" data-widget_type=\"form.default\">\n\t\t\t\t<div class=\"elementor-widget-container\">\n\t\t\t\t\t\t\t<form class=\"elementor-form\" method=\"post\" name=\"WorkShop\">\n\t\t\t<input type=\"hidden\" name=\"post_id\" value=\"326\"\/>\n\t\t\t<input type=\"hidden\" name=\"form_id\" value=\"5d5bfcf1\"\/>\n\t\t\t<input type=\"hidden\" name=\"referer_title\" value=\"\" \/>\n\n\t\t\t\n\t\t\t<div class=\"elementor-form-fields-wrapper elementor-labels-\">\n\t\t\t\t\t\t\t\t<div class=\"elementor-field-type-email elementor-field-group elementor-column elementor-field-group-email elementor-col-80 elementor-md-50 elementor-field-required\">\n\t\t\t\t\t\t\t\t\t\t\t\t<label for=\"form-field-email\" class=\"elementor-field-label elementor-screen-only\">\n\t\t\t\t\t\t\t\tEmail\t\t\t\t\t\t\t<\/label>\n\t\t\t\t\t\t\t\t\t\t\t\t\t\t<input size=\"1\" type=\"email\" name=\"form_fields[email]\" id=\"form-field-email\" class=\"elementor-field elementor-size-sm  elementor-field-textual\" placeholder=\"E-mail\" required=\"required\" aria-required=\"true\">\n\t\t\t\t\t\t\t\t\t\t\t<\/div>\n\t\t\t\t\t\t\t\t<div class=\"elementor-field-group elementor-column elementor-field-type-submit elementor-col-20 e-form__buttons\">\n\t\t\t\t\t<button type=\"submit\" class=\"elementor-button elementor-size-lg elementor-animation-grow\">\n\t\t\t\t\t\t<span >\n\t\t\t\t\t\t\t\t\t\t\t\t\t\t\t<span class=\" elementor-button-icon\">\n\t\t\t\t\t\t\t\t\t\t\t\t\t\t\t\t\t\t\t\t\t\t\t\t\t\t<\/span>\n\t\t\t\t\t\t\t\t\t\t\t\t\t\t\t\t\t\t\t\t\t\t<span class=\"elementor-button-text\">Subscreva-se<\/span>\n\t\t\t\t\t\t\t\t\t\t\t\t\t<\/span>\n\t\t\t\t\t<\/button>\n\t\t\t\t<\/div>\n\t\t\t<\/div>\n\t\t<\/form>\n\t\t\t\t\t\t<\/div>\n\t\t\t\t<\/div>\n\t\t\t\t<div class=\"elementor-element elementor-element-604f6916 e-grid-align-tablet-left elementor-widget__width-inherit elementor-widget-tablet__width-inherit e-grid-align-mobile-center elementor-shape-rounded elementor-grid-0 e-grid-align-center elementor-widget elementor-widget-social-icons\" data-id=\"604f6916\" data-element_type=\"widget\" data-e-type=\"widget\" data-widget_type=\"social-icons.default\">\n\t\t\t\t<div class=\"elementor-widget-container\">\n\t\t\t\t\t\t\t<div class=\"elementor-social-icons-wrapper elementor-grid\" role=\"list\">\n\t\t\t\t\t\t\t<span class=\"elementor-grid-item\" role=\"listitem\">\n\t\t\t\t\t<a class=\"elementor-icon elementor-social-icon elementor-social-icon-instagram elementor-animation-grow elementor-repeater-item-be32a58\" href=\"#\" target=\"_blank\">\n\t\t\t\t\t\t<span class=\"elementor-screen-only\">Instagram<\/span>\n\t\t\t\t\t\t<svg aria-hidden=\"true\" class=\"e-font-icon-svg e-fab-instagram\" viewBox=\"0 0 448 512\" xmlns=\"http:\/\/www.w3.org\/2000\/svg\"><path d=\"M224.1 141c-63.6 0-114.9 51.3-114.9 114.9s51.3 114.9 114.9 114.9S339 319.5 339 255.9 287.7 141 224.1 141zm0 189.6c-41.1 0-74.7-33.5-74.7-74.7s33.5-74.7 74.7-74.7 74.7 33.5 74.7 74.7-33.6 74.7-74.7 74.7zm146.4-194.3c0 14.9-12 26.8-26.8 26.8-14.9 0-26.8-12-26.8-26.8s12-26.8 26.8-26.8 26.8 12 26.8 26.8zm76.1 27.2c-1.7-35.9-9.9-67.7-36.2-93.9-26.2-26.2-58-34.4-93.9-36.2-37-2.1-147.9-2.1-184.9 0-35.8 1.7-67.6 9.9-93.9 36.1s-34.4 58-36.2 93.9c-2.1 37-2.1 147.9 0 184.9 1.7 35.9 9.9 67.7 36.2 93.9s58 34.4 93.9 36.2c37 2.1 147.9 2.1 184.9 0 35.9-1.7 67.7-9.9 93.9-36.2 26.2-26.2 34.4-58 36.2-93.9 2.1-37 2.1-147.8 0-184.8zM398.8 388c-7.8 19.6-22.9 34.7-42.6 42.6-29.5 11.7-99.5 9-132.1 9s-102.7 2.6-132.1-9c-19.6-7.8-34.7-22.9-42.6-42.6-11.7-29.5-9-99.5-9-132.1s-2.6-102.7 9-132.1c7.8-19.6 22.9-34.7 42.6-42.6 29.5-11.7 99.5-9 132.1-9s102.7-2.6 132.1 9c19.6 7.8 34.7 22.9 42.6 42.6 11.7 29.5 9 99.5 9 132.1s2.7 102.7-9 132.1z\"><\/path><\/svg>\t\t\t\t\t<\/a>\n\t\t\t\t<\/span>\n\t\t\t\t\t\t\t<span class=\"elementor-grid-item\" role=\"listitem\">\n\t\t\t\t\t<a class=\"elementor-icon elementor-social-icon elementor-social-icon-facebook-f elementor-animation-grow elementor-repeater-item-af5d7dd\" href=\"#\" target=\"_blank\">\n\t\t\t\t\t\t<span class=\"elementor-screen-only\">Facebook-f<\/span>\n\t\t\t\t\t\t<svg aria-hidden=\"true\" class=\"e-font-icon-svg e-fab-facebook-f\" viewBox=\"0 0 320 512\" xmlns=\"http:\/\/www.w3.org\/2000\/svg\"><path d=\"M279.14 288l14.22-92.66h-88.91v-60.13c0-25.35 12.42-50.06 52.24-50.06h40.42V6.26S260.43 0 225.36 0c-73.22 0-121.08 44.38-121.08 124.72v70.62H22.89V288h81.39v224h100.17V288z\"><\/path><\/svg>\t\t\t\t\t<\/a>\n\t\t\t\t<\/span>\n\t\t\t\t\t\t\t<span class=\"elementor-grid-item\" role=\"listitem\">\n\t\t\t\t\t<a class=\"elementor-icon elementor-social-icon elementor-social-icon-pinterest elementor-animation-grow elementor-repeater-item-5d200e9\" href=\"#\" target=\"_blank\">\n\t\t\t\t\t\t<span class=\"elementor-screen-only\">Pinterest<\/span>\n\t\t\t\t\t\t<svg aria-hidden=\"true\" class=\"e-font-icon-svg e-fab-pinterest\" viewBox=\"0 0 496 512\" xmlns=\"http:\/\/www.w3.org\/2000\/svg\"><path d=\"M496 256c0 137-111 248-248 248-25.6 0-50.2-3.9-73.4-11.1 10.1-16.5 25.2-43.5 30.8-65 3-11.6 15.4-59 15.4-59 8.1 15.4 31.7 28.5 56.8 28.5 74.8 0 128.7-68.8 128.7-154.3 0-81.9-66.9-143.2-152.9-143.2-107 0-163.9 71.8-163.9 150.1 0 36.4 19.4 81.7 50.3 96.1 4.7 2.2 7.2 1.2 8.3-3.3.8-3.4 5-20.3 6.9-28.1.6-2.5.3-4.7-1.7-7.1-10.1-12.5-18.3-35.3-18.3-56.6 0-54.7 41.4-107.6 112-107.6 60.9 0 103.6 41.5 103.6 100.9 0 67.1-33.9 113.6-78 113.6-24.3 0-42.6-20.1-36.7-44.8 7-29.5 20.5-61.3 20.5-82.6 0-19-10.2-34.9-31.4-34.9-24.9 0-44.9 25.7-44.9 60.2 0 22 7.4 36.8 7.4 36.8s-24.5 103.8-29 123.2c-5 21.4-3 51.6-.9 71.2C65.4 450.9 0 361.1 0 256 0 119 111 8 248 8s248 111 248 248z\"><\/path><\/svg>\t\t\t\t\t<\/a>\n\t\t\t\t<\/span>\n\t\t\t\t\t<\/div>\n\t\t\t\t\t\t<\/div>\n\t\t\t\t<\/div>\n\t\t\t\t<\/div>\n\t\t<div class=\"elementor-element elementor-element-11324cdd e-flex e-con-boxed e-con e-parent\" data-id=\"11324cdd\" data-element_type=\"container\" data-e-type=\"container\">\n\t\t\t\t\t<div class=\"e-con-inner\">\n\t\t\t\t\t<\/div>\n\t\t\t\t<\/div>\n\t\t\t\t<\/div>\n\t\t","protected":false},"excerpt":{"rendered":"<p>SOLU\u00c7\u00d5ES EM AVENTURAS Descubra uma Sele\u00e7\u00e3o \u00danica de Produtos &#8211; Assine a Nossa Newsletter Est\u00e1 pronto para explorar uma cole\u00e7\u00e3o [&hellip;]<\/p>\n","protected":false},"author":1,"featured_media":0,"parent":0,"menu_order":0,"comment_status":"closed","ping_status":"closed","template":"elementor_canvas","meta":{"site-sidebar-layout":"default","site-content-layout":"","ast-site-content-layout":"","site-content-style":"default","site-sidebar-style":"default","ast-global-header-display":"","ast-banner-title-visibility":"","ast-main-header-display":"","ast-hfb-above-header-display":"","ast-hfb-below-header-display":"","ast-hfb-mobile-header-display":"","site-post-title":"","ast-breadcrumbs-content":"","ast-featured-img":"","footer-sml-layout":"","theme-transparent-header-meta":"","adv-header-id-meta":"","stick-header-meta":"","header-above-stick-meta":"","header-main-stick-meta":"","header-below-stick-meta":"","astra-migrate-meta-layouts":"default","ast-page-background-enabled":"default","ast-page-background-meta":{"desktop":{"background-color":"var(--ast-global-color-4)","background-image":"","background-repeat":"repeat","background-position":"center center","background-size":"auto","background-attachment":"scroll","background-type":"","background-media":"","overlay-type":"","overlay-color":"","overlay-gradient":""},"tablet":{"background-color":"","background-image":"","background-repeat":"repeat","background-position":"center center","background-size":"auto","background-attachment":"scroll","background-type":"","background-media":"","overlay-type":"","overlay-color":"","overlay-gradient":""},"mobile":{"background-color":"","background-image":"","background-repeat":"repeat","background-position":"center center","background-size":"auto","background-attachment":"scroll","background-type":"","background-media":"","overlay-type":"","overlay-color":"","overlay-gradient":""}},"ast-content-background-meta":{"desktop":{"background-color":"var(--ast-global-color-5)","background-image":"","background-repeat":"repeat","background-position":"center center","background-size":"auto","background-attachment":"scroll","background-type":"","background-media":"","overlay-type":"","overlay-color":"","overlay-gradient":""},"tablet":{"background-color":"var(--ast-global-color-5)","background-image":"","background-repeat":"repeat","background-position":"center center","background-size":"auto","background-attachment":"scroll","background-type":"","background-media":"","overlay-type":"","overlay-color":"","overlay-gradient":""},"mobile":{"background-color":"var(--ast-global-color-5)","background-image":"","background-repeat":"repeat","background-position":"center center","background-size":"auto","background-attachment":"scroll","background-type":"","background-media":"","overlay-type":"","overlay-color":"","overlay-gradient":""}},"footnotes":""},"class_list":["post-326","page","type-page","status-publish","hentry"],"jetpack_sharing_enabled":true,"_links":{"self":[{"href":"https:\/\/mixsaldos.com\/index.php\/wp-json\/wp\/v2\/pages\/326"}],"collection":[{"href":"https:\/\/mixsaldos.com\/index.php\/wp-json\/wp\/v2\/pages"}],"about":[{"href":"https:\/\/mixsaldos.com\/index.php\/wp-json\/wp\/v2\/types\/page"}],"author":[{"embeddable":true,"href":"https:\/\/mixsaldos.com\/index.php\/wp-json\/wp\/v2\/users\/1"}],"replies":[{"embeddable":true,"href":"https:\/\/mixsaldos.com\/index.php\/wp-json\/wp\/v2\/comments?post=326"}],"version-history":[{"count":103,"href":"https:\/\/mixsaldos.com\/index.php\/wp-json\/wp\/v2\/pages\/326\/revisions"}],"predecessor-version":[{"id":1459,"href":"https:\/\/mixsaldos.com\/index.php\/wp-json\/wp\/v2\/pages\/326\/revisions\/1459"}],"wp:attachment":[{"href":"https:\/\/mixsaldos.com\/index.php\/wp-json\/wp\/v2\/media?parent=326"}],"curies":[{"name":"wp","href":"https:\/\/api.w.org\/{rel}","templated":true}]}}